{"id":18396,"date":"2025-11-14T02:12:09","date_gmt":"2025-11-14T02:12:09","guid":{"rendered":"https:\/\/dinagent.com\/shop\/proizvod\/3015-cep-sa-zaptivkom\/"},"modified":"2025-11-14T02:12:16","modified_gmt":"2025-11-14T02:12:16","slug":"3015-cep-sa-zaptivkom","status":"publish","type":"product","link":"https:\/\/dinagent.com\/shop\/proizvod\/3015-cep-sa-zaptivkom\/","title":{"rendered":"3015-\u010cep sa zaptivkom"},"content":{"rendered":"<p>\u010cep sa zaptivkom za imbus klju\u010d. Kao zaptivka se koristi O-ring od NBR. Navoj je paralelan po ISO 228 Class A.<br \/>\nIzra\u0111en je od kvalitetnog mesinga CW 614\/7N po EN12164\/5 i niklovan.<br \/>\nDINAGENT se bavi velikoprodajom industrijske pneumatike sa \u0161irokim izborom proizvoda za komprimovani vazduh za razne grane industrije.<\/p>\n","protected":false},"excerpt":{"rendered":"<p>Mesingani niklovani \u010dep sa zaptivkom za imbus klju\u010d<\/p>\n","protected":false},"featured_media":12790,"template":"","meta":{"_acf_changed":false},"product_brand":[865],"product_cat":[901,907],"product_tag":[294,295,296],"class_list":{"0":"post-18396","1":"product","2":"type-product","3":"status-publish","4":"has-post-thumbnail","6":"product_brand-aignep-italija","7":"product_cat-prikljucci-spojnice-i-fiting","8":"product_cat-cevni-fiting-od-niklovanog-mesinga","9":"product_tag-cep-sa-zaptivkom","10":"product_tag-imbus","11":"product_tag-zaptivka","12":"pa_precnik-navoja-1-4","13":"pa_precnik-navoja-1-2","14":"pa_precnik-navoja-1-8","15":"pa_precnik-navoja-3-4","16":"pa_precnik-navoja-3-8","18":"first","19":"instock","20":"purchasable","21":"product-type-variable"},"acf":[],"yoast_head":"<!-- This site is optimized with the Yoast SEO plugin v26.3 - https:\/\/yoast.com\/wordpress\/plugins\/seo\/ -->\n<title>3015-\u010cep sa zaptivkom<\/title>\n<meta name=\"description\" content=\"Mesingani niklovani \u010dep sa zaptivkom za imbus klju\u010d\" \/>\n<meta name=\"robots\" content=\"index, follow, max-snippet:-1, max-image-preview:large, max-video-preview:-1\" \/>\n<link rel=\"canonical\" href=\"https:\/\/dinagent.com\/shop\/proizvod\/3015-cep-sa-zaptivkom\/\" \/>\n<meta property=\"og:locale\" content=\"sr_RS\" \/>\n<meta property=\"og:type\" content=\"article\" \/>\n<meta property=\"og:title\" content=\"3015-\u010cep sa zaptivkom\" \/>\n<meta property=\"og:description\" content=\"Mesingani niklovani \u010dep sa zaptivkom za imbus klju\u010d\" \/>\n<meta property=\"og:url\" content=\"https:\/\/dinagent.com\/shop\/proizvod\/3015-cep-sa-zaptivkom\/\" \/>\n<meta property=\"og:site_name\" content=\"Dinagent Katalog\" \/>\n<meta property=\"article:modified_time\" content=\"2025-11-14T02:12:16+00:00\" \/>\n<meta property=\"og:image\" content=\"https:\/\/dinagent.com\/shop\/wp-content\/uploads\/2025\/05\/3015.jpg\" \/>\n\t<meta property=\"og:image:width\" content=\"1945\" \/>\n\t<meta property=\"og:image:height\" content=\"1968\" \/>\n\t<meta property=\"og:image:type\" content=\"image\/jpeg\" \/>\n<meta name=\"twitter:card\" content=\"summary_large_image\" \/>\n<script type=\"application\/ld+json\" class=\"yoast-schema-graph\">{\"@context\":\"https:\/\/schema.org\",\"@graph\":[{\"@type\":\"WebPage\",\"@id\":\"https:\/\/dinagent.com\/shop\/proizvod\/3015-cep-sa-zaptivkom\/\",\"url\":\"https:\/\/dinagent.com\/shop\/proizvod\/3015-cep-sa-zaptivkom\/\",\"name\":\"3015-\u010cep sa zaptivkom\",\"isPartOf\":{\"@id\":\"https:\/\/dinagent.com\/shop\/#website\"},\"primaryImageOfPage\":{\"@id\":\"https:\/\/dinagent.com\/shop\/proizvod\/3015-cep-sa-zaptivkom\/#primaryimage\"},\"image\":{\"@id\":\"https:\/\/dinagent.com\/shop\/proizvod\/3015-cep-sa-zaptivkom\/#primaryimage\"},\"thumbnailUrl\":\"https:\/\/dinagent.com\/shop\/wp-content\/uploads\/2025\/05\/3015.jpg\",\"datePublished\":\"2025-11-14T02:12:09+00:00\",\"dateModified\":\"2025-11-14T02:12:16+00:00\",\"description\":\"Mesingani niklovani \u010dep sa zaptivkom za imbus klju\u010d\",\"breadcrumb\":{\"@id\":\"https:\/\/dinagent.com\/shop\/proizvod\/3015-cep-sa-zaptivkom\/#breadcrumb\"},\"inLanguage\":\"sr-RS\",\"potentialAction\":[{\"@type\":\"ReadAction\",\"target\":[\"https:\/\/dinagent.com\/shop\/proizvod\/3015-cep-sa-zaptivkom\/\"]}]},{\"@type\":\"ImageObject\",\"inLanguage\":\"sr-RS\",\"@id\":\"https:\/\/dinagent.com\/shop\/proizvod\/3015-cep-sa-zaptivkom\/#primaryimage\",\"url\":\"https:\/\/dinagent.com\/shop\/wp-content\/uploads\/2025\/05\/3015.jpg\",\"contentUrl\":\"https:\/\/dinagent.com\/shop\/wp-content\/uploads\/2025\/05\/3015.jpg\",\"width\":1945,\"height\":1968,\"caption\":\"\u010cep sa zaptivkom za imbus klju\u010d\"},{\"@type\":\"BreadcrumbList\",\"@id\":\"https:\/\/dinagent.com\/shop\/proizvod\/3015-cep-sa-zaptivkom\/#breadcrumb\",\"itemListElement\":[{\"@type\":\"ListItem\",\"position\":1,\"name\":\"Dinagent katalog proizvoda\",\"item\":\"https:\/\/dinagent.com\/shop\/\"},{\"@type\":\"ListItem\",\"position\":2,\"name\":\"3015-\u010cep sa zaptivkom\"}]},{\"@type\":\"WebSite\",\"@id\":\"https:\/\/dinagent.com\/shop\/#website\",\"url\":\"https:\/\/dinagent.com\/shop\/\",\"name\":\"Dinagent Katalog\",\"description\":\"\",\"publisher\":{\"@id\":\"https:\/\/dinagent.com\/shop\/#organization\"},\"potentialAction\":[{\"@type\":\"SearchAction\",\"target\":{\"@type\":\"EntryPoint\",\"urlTemplate\":\"https:\/\/dinagent.com\/shop\/?s={search_term_string}\"},\"query-input\":{\"@type\":\"PropertyValueSpecification\",\"valueRequired\":true,\"valueName\":\"search_term_string\"}}],\"inLanguage\":\"sr-RS\"},{\"@type\":\"Organization\",\"@id\":\"https:\/\/dinagent.com\/shop\/#organization\",\"name\":\"Dinagent Katalog\",\"url\":\"https:\/\/dinagent.com\/shop\/\",\"logo\":{\"@type\":\"ImageObject\",\"inLanguage\":\"sr-RS\",\"@id\":\"https:\/\/dinagent.com\/shop\/#\/schema\/logo\/image\/\",\"url\":\"https:\/\/dinagent.com\/shop\/wp-content\/uploads\/2025\/03\/logo-dinagent.svg\",\"contentUrl\":\"https:\/\/dinagent.com\/shop\/wp-content\/uploads\/2025\/03\/logo-dinagent.svg\",\"width\":1598,\"height\":330,\"caption\":\"Dinagent Katalog\"},\"image\":{\"@id\":\"https:\/\/dinagent.com\/shop\/#\/schema\/logo\/image\/\"}}]}<\/script>\n<!-- \/ Yoast SEO plugin. -->","yoast_head_json":{"title":"3015-\u010cep sa zaptivkom","description":"Mesingani niklovani \u010dep sa zaptivkom za imbus klju\u010d","robots":{"index":"index","follow":"follow","max-snippet":"max-snippet:-1","max-image-preview":"max-image-preview:large","max-video-preview":"max-video-preview:-1"},"canonical":"https:\/\/dinagent.com\/shop\/proizvod\/3015-cep-sa-zaptivkom\/","og_locale":"sr_RS","og_type":"article","og_title":"3015-\u010cep sa zaptivkom","og_description":"Mesingani niklovani \u010dep sa zaptivkom za imbus klju\u010d","og_url":"https:\/\/dinagent.com\/shop\/proizvod\/3015-cep-sa-zaptivkom\/","og_site_name":"Dinagent Katalog","article_modified_time":"2025-11-14T02:12:16+00:00","og_image":[{"width":1945,"height":1968,"url":"https:\/\/dinagent.com\/shop\/wp-content\/uploads\/2025\/05\/3015.jpg","type":"image\/jpeg"}],"twitter_card":"summary_large_image","schema":{"@context":"https:\/\/schema.org","@graph":[{"@type":"WebPage","@id":"https:\/\/dinagent.com\/shop\/proizvod\/3015-cep-sa-zaptivkom\/","url":"https:\/\/dinagent.com\/shop\/proizvod\/3015-cep-sa-zaptivkom\/","name":"3015-\u010cep sa zaptivkom","isPartOf":{"@id":"https:\/\/dinagent.com\/shop\/#website"},"primaryImageOfPage":{"@id":"https:\/\/dinagent.com\/shop\/proizvod\/3015-cep-sa-zaptivkom\/#primaryimage"},"image":{"@id":"https:\/\/dinagent.com\/shop\/proizvod\/3015-cep-sa-zaptivkom\/#primaryimage"},"thumbnailUrl":"https:\/\/dinagent.com\/shop\/wp-content\/uploads\/2025\/05\/3015.jpg","datePublished":"2025-11-14T02:12:09+00:00","dateModified":"2025-11-14T02:12:16+00:00","description":"Mesingani niklovani \u010dep sa zaptivkom za imbus klju\u010d","breadcrumb":{"@id":"https:\/\/dinagent.com\/shop\/proizvod\/3015-cep-sa-zaptivkom\/#breadcrumb"},"inLanguage":"sr-RS","potentialAction":[{"@type":"ReadAction","target":["https:\/\/dinagent.com\/shop\/proizvod\/3015-cep-sa-zaptivkom\/"]}]},{"@type":"ImageObject","inLanguage":"sr-RS","@id":"https:\/\/dinagent.com\/shop\/proizvod\/3015-cep-sa-zaptivkom\/#primaryimage","url":"https:\/\/dinagent.com\/shop\/wp-content\/uploads\/2025\/05\/3015.jpg","contentUrl":"https:\/\/dinagent.com\/shop\/wp-content\/uploads\/2025\/05\/3015.jpg","width":1945,"height":1968,"caption":"\u010cep sa zaptivkom za imbus klju\u010d"},{"@type":"BreadcrumbList","@id":"https:\/\/dinagent.com\/shop\/proizvod\/3015-cep-sa-zaptivkom\/#breadcrumb","itemListElement":[{"@type":"ListItem","position":1,"name":"Dinagent katalog proizvoda","item":"https:\/\/dinagent.com\/shop\/"},{"@type":"ListItem","position":2,"name":"3015-\u010cep sa zaptivkom"}]},{"@type":"WebSite","@id":"https:\/\/dinagent.com\/shop\/#website","url":"https:\/\/dinagent.com\/shop\/","name":"Dinagent Katalog","description":"","publisher":{"@id":"https:\/\/dinagent.com\/shop\/#organization"},"potentialAction":[{"@type":"SearchAction","target":{"@type":"EntryPoint","urlTemplate":"https:\/\/dinagent.com\/shop\/?s={search_term_string}"},"query-input":{"@type":"PropertyValueSpecification","valueRequired":true,"valueName":"search_term_string"}}],"inLanguage":"sr-RS"},{"@type":"Organization","@id":"https:\/\/dinagent.com\/shop\/#organization","name":"Dinagent Katalog","url":"https:\/\/dinagent.com\/shop\/","logo":{"@type":"ImageObject","inLanguage":"sr-RS","@id":"https:\/\/dinagent.com\/shop\/#\/schema\/logo\/image\/","url":"https:\/\/dinagent.com\/shop\/wp-content\/uploads\/2025\/03\/logo-dinagent.svg","contentUrl":"https:\/\/dinagent.com\/shop\/wp-content\/uploads\/2025\/03\/logo-dinagent.svg","width":1598,"height":330,"caption":"Dinagent Katalog"},"image":{"@id":"https:\/\/dinagent.com\/shop\/#\/schema\/logo\/image\/"}}]}},"_links":{"self":[{"href":"https:\/\/dinagent.com\/shop\/wp-json\/wp\/v2\/product\/18396","targetHints":{"allow":["GET"]}}],"collection":[{"href":"https:\/\/dinagent.com\/shop\/wp-json\/wp\/v2\/product"}],"about":[{"href":"https:\/\/dinagent.com\/shop\/wp-json\/wp\/v2\/types\/product"}],"version-history":[{"count":0,"href":"https:\/\/dinagent.com\/shop\/wp-json\/wp\/v2\/product\/18396\/revisions"}],"wp:featuredmedia":[{"embeddable":true,"href":"https:\/\/dinagent.com\/shop\/wp-json\/wp\/v2\/media\/12790"}],"wp:attachment":[{"href":"https:\/\/dinagent.com\/shop\/wp-json\/wp\/v2\/media?parent=18396"}],"wp:term":[{"taxonomy":"product_brand","embeddable":true,"href":"https:\/\/dinagent.com\/shop\/wp-json\/wp\/v2\/product_brand?post=18396"},{"taxonomy":"product_cat","embeddable":true,"href":"https:\/\/dinagent.com\/shop\/wp-json\/wp\/v2\/product_cat?post=18396"},{"taxonomy":"product_tag","embeddable":true,"href":"https:\/\/dinagent.com\/shop\/wp-json\/wp\/v2\/product_tag?post=18396"}],"curies":[{"name":"wp","href":"https:\/\/api.w.org\/{rel}","templated":true}]}}